{"id":698,"date":"2017-08-08T13:09:47","date_gmt":"2017-08-08T13:09:47","guid":{"rendered":"http:\/\/episcenes.com\/?page_id=698"},"modified":"2022-10-27T12:07:49","modified_gmt":"2022-10-27T12:07:49","slug":"soutenez-nous","status":"publish","type":"page","link":"https:\/\/episcenes.com\/?page_id=698","title":{"rendered":"Soutenez nous !"},"content":{"rendered":"<p>Notre association est agr\u00e9\u00e9e par le Tr\u00e9sor Public pour d\u00e9livrer des re\u00e7us fiscaux.<\/p>\n<p>66% de vos dons sont d\u00e9ductibles des imp\u00f4ts.<\/p>\n<p>Si vous souhaitez des renseignements compl\u00e9mentaires, n&rsquo;h\u00e9sitez pas \u00e0 nous joindre au 05 59 71 83 65.<\/p>\n<h5 style=\"text-align: left;\"><span style=\"color: #3366ff;\"><strong><span style=\"font-size: 18pt;\">Vous souhaitez nous soutenir ?<\/span><\/strong><\/span><\/h5>\n<p style=\"text-align: center;\"><span style=\"color: #333333;\">\t\t\t<iframe\n\t\t\t\tid=\"idIframe\"\n\t\t\t\tsrc=\"https:\/\/www.helloasso.com\/associations\/episcenes-theatre\/formulaires\/1\/widget-bouton\"\n\t\t\t\theight=70px\"\t\t\t\twidth=200px\"\t\t\t\tframeborder=\"0\"\n\t\t\t\tloading=\"lazy\"\n\t\t\t\tallowtransparency=\"true\"\n\t\t\t\tonload=\"resizeIframeMessage()\"><\/iframe>\n<\/span><\/p>\n<p style=\"text-align: center;\">Vous pouvez donner vos Tookets et <span style=\"color: #d74015;\">nous soutenir<\/span> en cliquant <a href=\"https:\/\/www.tookets.com\/detail-association\/Association-EpiScenes?id=af3586a8-5160-4b09-8ac4-530b7bc78706\" target=\"_blank\" rel=\"noopener noreferrer\">ICI<\/a><\/p>\n","protected":false},"excerpt":{"rendered":"<p>Notre association est agr\u00e9\u00e9e par le Tr\u00e9sor Public pour d\u00e9livrer des re\u00e7us fiscaux. 66% de vos dons sont d\u00e9ductibles des imp\u00f4ts. Si vous souhaitez des renseignements compl\u00e9mentaires, n&rsquo;h\u00e9sitez pas \u00e0 nous joindre au 05 59 71 83 65. Vous souhaitez<\/p>\n","protected":false},"author":1,"featured_media":0,"parent":0,"menu_order":0,"comment_status":"closed","ping_status":"closed","template":"","meta":{"_exactmetrics_skip_tracking":false,"_exactmetrics_sitenote_active":false,"_exactmetrics_sitenote_note":"","_exactmetrics_sitenote_category":0,"footnotes":""},"class_list":["post-698","page","type-page","status-publish","hentry"],"aioseo_notices":[],"amp_enabled":true,"_links":{"self":[{"href":"https:\/\/episcenes.com\/index.php?rest_route=\/wp\/v2\/pages\/698","targetHints":{"allow":["GET"]}}],"collection":[{"href":"https:\/\/episcenes.com\/index.php?rest_route=\/wp\/v2\/pages"}],"about":[{"href":"https:\/\/episcenes.com\/index.php?rest_route=\/wp\/v2\/types\/page"}],"author":[{"embeddable":true,"href":"https:\/\/episcenes.com\/index.php?rest_route=\/wp\/v2\/users\/1"}],"replies":[{"embeddable":true,"href":"https:\/\/episcenes.com\/index.php?rest_route=%2Fwp%2Fv2%2Fcomments&post=698"}],"version-history":[{"count":5,"href":"https:\/\/episcenes.com\/index.php?rest_route=\/wp\/v2\/pages\/698\/revisions"}],"predecessor-version":[{"id":2871,"href":"https:\/\/episcenes.com\/index.php?rest_route=\/wp\/v2\/pages\/698\/revisions\/2871"}],"wp:attachment":[{"href":"https:\/\/episcenes.com\/index.php?rest_route=%2Fwp%2Fv2%2Fmedia&parent=698"}],"curies":[{"name":"wp","href":"https:\/\/api.w.org\/{rel}","templated":true}]}}