{"id":4041,"date":"2025-12-08T15:30:15","date_gmt":"2025-12-08T15:30:15","guid":{"rendered":"https:\/\/episcenes.com\/?page_id=4041"},"modified":"2026-04-21T08:34:07","modified_gmt":"2026-04-21T08:34:07","slug":"programmation","status":"publish","type":"page","link":"https:\/\/episcenes.com\/?page_id=4041","title":{"rendered":"Programmation"},"content":{"rendered":"\n\n\n<h1 style=\"text-align: center;\"><strong>\ud83c\udfad Th\u00e9\u00e2tre \u00c9piSc\u00e8nes &#8211; Programmation f\u00e9vrier \u2192 mai 2026<\/strong><\/h1>\n<p>&nbsp;<\/p>\n<h5>\ud83c\udf3f Un semestre de cr\u00e9ations, d\u2019improvisations et de partages<\/h5>\n<h5>Le Th\u00e9\u00e2tre \u00c9piSc\u00e8nes poursuit sa saison 2026 sous le signe de la pr\u00e9sence, de la cr\u00e9ation et de la rencontre.<\/h5>\n<h5>Entre soir\u00e9es d\u2019improvisation, spectacles invit\u00e9s, sc\u00e8nes ouvertes et projets collectifs, la programmation tisse un lien vivant entre artistes, spectateurs et habitants.<\/h5>\n<h5>18 rendez-vous&nbsp;en dehors de nos stages&nbsp;!<\/h5>\n\n\n<p><!-- \/wp:post-content --><\/p>\n<p><!-- wp:tadv\/classic-paragraph --><\/p>\n<p><!-- \/wp:tadv\/classic-paragraph --><\/p>\n<p><!-- wp:tadv\/classic-paragraph \/--><\/p>\n<p><!-- wp:tadv\/classic-paragraph --><\/p>\n<h2>\u00a0<\/h2>\n<p><!-- \/wp:tadv\/classic-paragraph --><\/p>\n<h2><!-- \/wp:buttons --><\/h2>\n<h2><!-- wp:image {\"id\":4182,\"sizeSlug\":\"large\",\"linkDestination\":\"none\"} --><\/h2>\n<h2 class=\"wp-block-image size-large\"><strong>Vendredi 24 Avril &#8211; Sc\u00e8ne ouverte des \u00c9piSc\u00e8nes<\/strong><\/h2>\n<p>Partager l&rsquo;instant, oser la sc\u00e8ne&#8230; pour ce rendez-vous, nous ouvrons les portes de notre th\u00e9\u00e2tre! Le temps d&rsquo;une soir\u00e9e, chacun.e est invit\u00e9.e \u00e0 venir tester, proposer, explorer.<\/p>\n<p>Danse, conte, po\u00e8me, th\u00e9\u00e2tre, musique&#8230;<\/p>\n<p>toutes les formes artistiques sont les bienvenues. Une soir\u00e9e riche en propositions, en \u00e9motions, en surprises, o\u00f9 la sc\u00e8ne appartient \u00e0 celles et ceux qui souhaitent partager leur univers, quel qu&rsquo;il soit.<\/p>\n<p>Une sc\u00e8ne ouverte \u00e0 toutes et tous.<\/p>\n<p><!-- \/wp:tadv\/classic-paragraph --><\/p>\n<p><!-- wp:buttons --><\/p>\n<div class=\"wp-block-buttons\"><!-- wp:button -->\n<div class=\"wp-block-button\"><a class=\"wp-block-button__link wp-element-button\" href=\"https:\/\/www.helloasso.com\/associations\/episcenes-bizanos\/evenements\/24-04-2026-scene-ouverte\">Billetterie 24 Avril <\/a><\/div>\n<p><!-- \/wp:button --><\/p>\n<\/div>\n<p><!-- \/wp:buttons --><\/p>\n<p><!-- wp:image {\"id\":4190,\"sizeSlug\":\"large\",\"linkDestination\":\"none\"} --><\/p>\n<figure class=\"wp-block-image size-large\"><img loading=\"lazy\" decoding=\"async\" width=\"960\" height=\"720\" class=\"wp-image-4190\" src=\"https:\/\/episcenes.com\/wp-content\/uploads\/2026\/01\/IMG_7618-960x720.jpeg\" alt=\"\" srcset=\"https:\/\/episcenes.com\/wp-content\/uploads\/2026\/01\/IMG_7618-960x720.jpeg 960w, https:\/\/episcenes.com\/wp-content\/uploads\/2026\/01\/IMG_7618-595x446.jpeg 595w, https:\/\/episcenes.com\/wp-content\/uploads\/2026\/01\/IMG_7618-768x576.jpeg 768w, https:\/\/episcenes.com\/wp-content\/uploads\/2026\/01\/IMG_7618-1536x1152.jpeg 1536w, https:\/\/episcenes.com\/wp-content\/uploads\/2026\/01\/IMG_7618-2048x1536.jpeg 2048w\" sizes=\"auto, (max-width: 960px) 100vw, 960px\" \/><\/figure>\n<p><!-- \/wp:image --><\/p>\n<p><!-- wp:tadv\/classic-paragraph --><\/p>\n<h1>\u00a0<\/h1>\n<h1><strong>Samedi 9 Mai 2026 \u00e0 20H30 : Sc\u00e8ne d\u2019Impro : Repr\u00e9sentation du Labo d\u2019Impro<\/strong><\/h1>\n<p>Deuxi\u00e8me session de recherche sc\u00e9nique, centr\u00e9e sur la transversalit\u00e9 des arts.<\/p>\n<div class=\"CampaignPresentation Card\" data-testid=\"campaign-presentation\">\n<div class=\"GeneratedContentWrapper\">\n<div class=\"'GeneratedContent\">\n<p>LABO IMPRO &#8211; \u00c9DITION EXP\u00c9RIMENTALE<\/p>\n<p>Stage &amp; restitution publique<\/p>\n<p>Apr\u00e8s le succ\u00e8s de la soir\u00e9e participative \u00ab Faites de l\u2019Impro ! \u00bb de l\u2019automne dernier,<\/p>\n<p>Les \u00c9piSc\u00e8nes prolongent l\u2019exp\u00e9rience avec un Labo Impro en deux temps, d\u00e9di\u00e9 \u00e0 l\u2019exploration, \u00e0 la recherche et au partage.<\/p>\n<p>Un laboratoire en deux temps<\/p>\n<p>* Une journ\u00e9e de stage et d\u2019exploration<\/p>\n<p>* Une soir\u00e9e de restitution devant public, sous forme performative.<\/p>\n<p>Participation libre minimum 2 \u20ac via HelloAsso\u00a0<\/p>\n<p>Parce que le th\u00e9\u00e2tre est un lieu de rencontre, de recherche et de partage.<\/p>\n<p>Th\u00e9\u00e2tre \u00c9piSc\u00e8nes \u00e0 Bizanos<\/p>\n<p>Inscriptions en ligne, places limit\u00e9es<\/p>\n<p>Soyez curieux. Osez le laboratoire.<\/p>\n<\/div>\n<\/div>\n<\/div>\n<p><!-- \/wp:tadv\/classic-paragraph --><\/p>\n<p><!-- wp:tadv\/classic-paragraph \/--><\/p>\n<p><!-- wp:buttons --><\/p>\n<div class=\"wp-block-buttons\"><!-- wp:button -->\n<div class=\"wp-block-button\"><a class=\"wp-block-button__link wp-element-button\" href=\"https:\/\/www.helloasso.com\/associations\/episcenes-bizanos\/evenements\/09-05-2026-labo-d-impro\">Billetterie du 9 Mai 2026<\/a><\/div>\n<p><!-- \/wp:button --><\/p>\n<\/div>\n<p><!-- \/wp:buttons --><\/p>\n<p><!-- wp:image {\"id\":4202,\"sizeSlug\":\"large\",\"linkDestination\":\"none\"} --><\/p>\n<figure class=\"wp-block-image size-large\"><img loading=\"lazy\" decoding=\"async\" width=\"960\" height=\"720\" class=\"wp-image-4202\" src=\"https:\/\/episcenes.com\/wp-content\/uploads\/2026\/02\/IMG_8315-960x720.jpeg\" alt=\"\" srcset=\"https:\/\/episcenes.com\/wp-content\/uploads\/2026\/02\/IMG_8315-960x720.jpeg 960w, https:\/\/episcenes.com\/wp-content\/uploads\/2026\/02\/IMG_8315-595x446.jpeg 595w, https:\/\/episcenes.com\/wp-content\/uploads\/2026\/02\/IMG_8315-768x576.jpeg 768w, https:\/\/episcenes.com\/wp-content\/uploads\/2026\/02\/IMG_8315-1536x1152.jpeg 1536w, https:\/\/episcenes.com\/wp-content\/uploads\/2026\/02\/IMG_8315-2048x1536.jpeg 2048w\" sizes=\"auto, (max-width: 960px) 100vw, 960px\" \/><\/figure>\n<p><!-- \/wp:image --><\/p>\n<p><!-- wp:tadv\/classic-paragraph \/--><\/p>\n<p><!-- wp:tadv\/classic-paragraph --><\/p>\n<h1 style=\"text-align: center;\"><strong>Vendredi 22 Mai 2026 : Sc\u00e8ne Musicale avec Pau\u2019P Harmonies <\/strong><\/h1>\n<p style=\"text-align: center;\">Soir\u00e9e partag\u00e9e avec la chorale partenaire, entre voix, mouvement et improvisation vocale.<\/p>\n<div class=\"CampaignPresentation Card\" data-testid=\"campaign-presentation\">\n<div class=\"GeneratedContentWrapper\">\n<div class=\"'GeneratedContent\">\n<p>La chorale <strong>Pau\u2019P Harmonies<\/strong>, dirig\u00e9e par <strong>Nelly Berge<\/strong>, vous propose une soir\u00e9e singuli\u00e8re o\u00f9 la voix se d\u00e9couvre sous un jour nouveau : plus libre, plus expressive, plus incarn\u00e9e.Entre travail vocal, mouvement et improvisation, les chanteuses et chanteurs explorent la mati\u00e8re vivante du son et l\u2019espace qu\u2019ils cr\u00e9ent ensemble.<\/p>\n<p>Port\u00e9s par les quatre pupitres, vous serez invit\u00e9s \u00e0 suivre un <strong>voyage musical<\/strong> fait d\u2019harmonies inattendues, de textures vocales en transformation et de moments suspendus o\u00f9 chacun devient \u00e0 la fois interpr\u00e8te et cr\u00e9ateur. Une soir\u00e9e sensible et g\u00e9n\u00e9reuse, un moment \u00e0 partager, pour \u00e9couter autrement\u2026 et se laisser surprendre.<\/p>\n<\/div>\n<\/div>\n<\/div>\n<p><!-- \/wp:tadv\/classic-paragraph --><\/p>\n<p><!-- wp:buttons --><\/p>\n<div class=\"wp-block-buttons\"><!-- wp:button -->\n<div class=\"wp-block-button\"><a class=\"wp-block-button__link wp-element-button\" href=\"https:\/\/www.helloasso.com\/associations\/episcenes-bizanos\/evenements\/22-05-2026-scene-musicale-et-chorale\">Billetterie 22 Mai 2026<\/a><\/div>\n<p><!-- \/wp:button --><\/p>\n<\/div>\n<p><!-- \/wp:buttons --><\/p>\n<p><!-- wp:tadv\/classic-paragraph --><\/p>\n<h1>\u00a0<\/h1>\n<h1 style=\"text-align: center;\"><strong>Vendredi 29 Mai 2026 : Sc\u00e8ne lyc\u00e9enne avec le lyc\u00e9e Saint &#8211; Cricq\u00a0<\/strong><\/h1>\n<p>L&rsquo;histoire d&rsquo;adolescents en qu\u00eate de bonheur, d&rsquo;identit\u00e9, d&rsquo;une place dans le monde&#8230; ou tout simplement d&rsquo;un premier amour! Les personnages useront de moyens insolites, absurdes et compl\u00e8tement d\u00e9jant\u00e9s pour atteindre leurs objectifs: devenir aveugle, avaler des vers, franchir des portes imaginaires, se faire tatouer une panth\u00e8re sur le ventre ou encore refuser de manger du sable. Une proposition \u00e0 la fois dr\u00f4le, touchante et pleine de beaut\u00e9!<\/p>\n<figure id=\"attachment_4224\" aria-describedby=\"caption-attachment-4224\" style=\"width: 480px\" class=\"wp-caption alignright\"><a href=\"https:\/\/episcenes.com\/wp-content\/uploads\/2026\/03\/IMG_7033.jpeg\"><img loading=\"lazy\" decoding=\"async\" class=\"size-thumbnail wp-image-4224\" src=\"https:\/\/episcenes.com\/wp-content\/uploads\/2026\/03\/IMG_7033-480x640.jpeg\" alt=\"\" width=\"480\" height=\"640\" \/><\/a><figcaption id=\"caption-attachment-4224\" class=\"wp-caption-text\">Screenshot<\/figcaption><\/figure>\n<p><!-- \/wp:tadv\/classic-paragraph --><\/p>\n<p><!-- wp:tadv\/classic-paragraph \/--><\/p>\n<p><!-- wp:tadv\/classic-paragraph \/--><\/p>\n<p><!-- wp:tadv\/classic-paragraph \/--><\/p>\n<p><!-- wp:tadv\/classic-paragraph \/--><\/p>\n<p><!-- wp:tadv\/classic-paragraph --><\/p>\n<p><!-- \/wp:tadv\/classic-paragraph --><\/p>\n<p><!-- wp:tadv\/classic-paragraph \/--><\/p>\n<p><!-- wp:tadv\/classic-paragraph \/--><\/p>\n<p><!-- wp:tadv\/classic-paragraph \/--><\/p>\n<p><!-- wp:tadv\/classic-paragraph \/--><\/p>\n<p><!-- wp:tadv\/classic-paragraph \/--><\/p>\n<p><!-- wp:tadv\/classic-paragraph \/--><\/p>\n<p><!-- wp:tadv\/classic-paragraph \/--><\/p>\n<p><!-- wp:tadv\/classic-paragraph \/--><\/p>\n<p><!-- wp:tadv\/classic-paragraph \/--><\/p>\n<p><!-- wp:tadv\/classic-paragraph --><\/p>\n<h1>\u00a0<\/h1>\n<h1>\u00a0<\/h1>\n<h1>\u00a0<\/h1>\n<h1>\u00a0<\/h1>\n<h1>\u00a0<\/h1>\n<h1>\u00a0<\/h1>\n<h1>\u00a0<\/h1>\n<h1>\u00a0<\/h1>\n<h1>\u00a0<\/h1>\n<h1>\u00a0<\/h1>\n<h1>\u00a0<\/h1>\n<h1>\u00a0<\/h1>\n<h1>\u00a0<\/h1>\n<h1 style=\"text-align: center;\"><strong>Vendredi 5 juin \u00a0&#8211; Soir\u00e9e Improvisation!<\/strong><\/h1>\n<h1 style=\"text-align: center;\"><strong>ImproVocs en Impro !!\u00a0<\/strong><\/h1>\n<p>Plongez dans l\u2019inattendu et laissez-vous surprendre ! Sur sc\u00e8ne, chaque geste, chaque parole na\u00eet de l\u2019instant et de l\u2019imagination des com\u00e9dien\u00b7ne\u00b7s. Dans une \u00e9nergie contagieuse, ils explorent des histoires in\u00e9dites, rebondissent sur vos suggestions et tissent des sc\u00e8nes uniques. Une soir\u00e9e d\u2019improvisation, c\u2019est un spectacle vivant o\u00f9 l\u2019audace, l\u2019\u00e9coute et la cr\u00e9ativit\u00e9 se rencontrent sous vos yeux. Mais attention, l\u2019arbitre veille au grain\u00a0!<\/p>\n<p><!-- \/wp:tadv\/classic-paragraph --><\/p>\n<p><!-- wp:tadv\/classic-paragraph --><\/p>\n<p><a class=\"wp-block-button__link wp-element-button\" href=\"https:\/\/www.helloasso.com\/associations\/episcenes-bizanos\/evenements\/03-04-2026-soiree-improvisation-theatrale\">Billetterie 5 juin\u00a0<\/a><\/p>\n<p><!-- \/wp:tadv\/classic-paragraph --><\/p>\n<p><!-- wp:tadv\/classic-paragraph \/--><\/p>\n<p><!-- wp:tadv\/classic-paragraph --><\/p>\n<p><a href=\"https:\/\/episcenes.com\/wp-content\/uploads\/2026\/01\/IMG_9462-1-scaled.jpeg\"><img loading=\"lazy\" decoding=\"async\" class=\"alignright size-medium wp-image-4170\" src=\"https:\/\/episcenes.com\/wp-content\/uploads\/2026\/01\/IMG_9462-1-595x446.jpeg\" alt=\"\" width=\"595\" height=\"446\" srcset=\"https:\/\/episcenes.com\/wp-content\/uploads\/2026\/01\/IMG_9462-1-595x446.jpeg 595w, https:\/\/episcenes.com\/wp-content\/uploads\/2026\/01\/IMG_9462-1-960x720.jpeg 960w, https:\/\/episcenes.com\/wp-content\/uploads\/2026\/01\/IMG_9462-1-768x576.jpeg 768w, https:\/\/episcenes.com\/wp-content\/uploads\/2026\/01\/IMG_9462-1-1536x1152.jpeg 1536w, https:\/\/episcenes.com\/wp-content\/uploads\/2026\/01\/IMG_9462-1-2048x1536.jpeg 2048w\" sizes=\"auto, (max-width: 595px) 100vw, 595px\" \/><\/a><\/p>\n<p><!-- \/wp:tadv\/classic-paragraph --><\/p>\n<p><!-- wp:tadv\/classic-paragraph \/--><\/p>\n<p><!-- wp:tadv\/classic-paragraph \/--><\/p>\n<p><!-- wp:tadv\/classic-paragraph \/--><\/p>\n<p><!-- wp:tadv\/classic-paragraph \/--><\/p>\n<p><!-- wp:tadv\/classic-paragraph \/--><\/p>\n<p><!-- wp:tadv\/classic-paragraph \/--><\/p>\n<p><!-- wp:tadv\/classic-paragraph \/--><\/p>\n<p><!-- wp:tadv\/classic-paragraph \/--><\/p>\n<p><!-- wp:tadv\/classic-paragraph --><\/p>\n<p><!-- \/wp:tadv\/classic-paragraph --><\/p>\n<p><!-- wp:tadv\/classic-paragraph --><\/p>\n<h1>\u00a0<\/h1>\n<h1>\u00a0<\/h1>\n<h1>\u00a0<\/h1>\n<h1>\u00a0<\/h1>\n<h1>\u00a0<\/h1>\n<h1>\u00a0<\/h1>\n<h1>\u00a0<\/h1>\n<h1>\u00a0<\/h1>\n<h1>\u00a0<\/h1>\n<h1>\u00a0<\/h1>\n<h1 style=\"text-align: center;\"><strong>Vendredi 12 juin &amp; Samedi 13 juin <\/strong><\/h1>\n<h1 style=\"text-align: center;\"><strong>\u00a0Sc\u00e8ne th\u00e9\u00e2trale &#8211; <\/strong><strong>Les oies sauvages \u00a0<\/strong><\/h1>\n<p>Marc et Alice f\u00eatent leurs trente ans de mariage dans leur maison de campagne acquise depuis quelques ann\u00e9es. Ils ont invit\u00e9 leurs plus proches amis, David et L\u00e9na. L\u00e9na est la s\u0153ur d\u2019Alice. La d\u00e9couverte d\u2019un journal intime et l\u2019arriv\u00e9e d\u2019anciens propri\u00e9taires, Jean et Iris, vont lib\u00e9rer fantasmes et r\u00e9v\u00e9lations jusqu\u2019au coup de th\u00e9\u00e2tre qui renverse les doutes et les certitudes. L\u2019adult\u00e8re, les mensonges, l\u2019amour et le sexe, la psychanalyse, l\u2019\u00e9criture et les \u00e9crivains, la cr\u00e9ation et le sens de la vie, la trag\u00e9die et la com\u00e9die, la mise en abyme. Tout y est. Mais ici tout n\u2019est que divertissement. Farce et drame s\u2019entrem\u00ealent<\/p>\n<p><!-- \/wp:tadv\/classic-paragraph --><\/p>\n<p><!-- wp:tadv\/classic-paragraph --><\/p>\n<p><a class=\"wp-block-button__link wp-element-button\" href=\"https:\/\/www.helloasso.com\/associations\/episcenes-bizanos\/evenements\/12-06-2026-les-oies-sauvages\">Billetterie 12 juin\u00a0<\/a><\/p>\n<p><!-- \/wp:tadv\/classic-paragraph --><\/p>\n<p><!-- wp:tadv\/classic-paragraph \/--><\/p>\n<p><!-- wp:tadv\/classic-paragraph --><\/p>\n<p><a class=\"wp-block-button__link wp-element-button\" href=\"https:\/\/www.helloasso.com\/associations\/episcenes-bizanos\/evenements\/13-06-2026-les-oies-sauvages\">Billetterie 13 juin\u00a0<\/a><\/p>\n<p><!-- \/wp:tadv\/classic-paragraph --><\/p>\n<p><!-- wp:tadv\/classic-paragraph \/--><\/p>\n<p><!-- wp:tadv\/classic-paragraph \/--><\/p>\n<p><!-- wp:tadv\/classic-paragraph --><\/p>\n<p><a href=\"https:\/\/episcenes.com\/wp-content\/uploads\/2026\/03\/IMG_5419.jpeg\"><img loading=\"lazy\" decoding=\"async\" class=\"alignright size-thumbnail wp-image-4244\" src=\"https:\/\/episcenes.com\/wp-content\/uploads\/2026\/03\/IMG_5419-480x640.jpeg\" alt=\"\" width=\"480\" height=\"640\" \/><\/a><\/p>\n<p><!-- \/wp:tadv\/classic-paragraph --><\/p>\n<p><!-- wp:tadv\/classic-paragraph \/--><\/p>","protected":false},"excerpt":{"rendered":"<p>\ud83c\udfad Th\u00e9\u00e2tre \u00c9piSc\u00e8nes &#8211; Programmation f\u00e9vrier \u2192 mai 2026 &nbsp; \ud83c\udf3f Un semestre de cr\u00e9ations, d\u2019improvisations et de partages Le Th\u00e9\u00e2tre \u00c9piSc\u00e8nes poursuit sa saison 2026 sous le signe de la pr\u00e9sence, de la cr\u00e9ation et de la rencontre. Entre<\/p>\n","protected":false},"author":1,"featured_media":0,"parent":0,"menu_order":0,"comment_status":"closed","ping_status":"closed","template":"","meta":{"_exactmetrics_skip_tracking":false,"_exactmetrics_sitenote_active":false,"_exactmetrics_sitenote_note":"","_exactmetrics_sitenote_category":0,"footnotes":""},"class_list":["post-4041","page","type-page","status-publish","hentry"],"aioseo_notices":[],"amp_enabled":true,"_links":{"self":[{"href":"https:\/\/episcenes.com\/index.php?rest_route=\/wp\/v2\/pages\/4041","targetHints":{"allow":["GET"]}}],"collection":[{"href":"https:\/\/episcenes.com\/index.php?rest_route=\/wp\/v2\/pages"}],"about":[{"href":"https:\/\/episcenes.com\/index.php?rest_route=\/wp\/v2\/types\/page"}],"author":[{"embeddable":true,"href":"https:\/\/episcenes.com\/index.php?rest_route=\/wp\/v2\/users\/1"}],"replies":[{"embeddable":true,"href":"https:\/\/episcenes.com\/index.php?rest_route=%2Fwp%2Fv2%2Fcomments&post=4041"}],"version-history":[{"count":104,"href":"https:\/\/episcenes.com\/index.php?rest_route=\/wp\/v2\/pages\/4041\/revisions"}],"predecessor-version":[{"id":4250,"href":"https:\/\/episcenes.com\/index.php?rest_route=\/wp\/v2\/pages\/4041\/revisions\/4250"}],"wp:attachment":[{"href":"https:\/\/episcenes.com\/index.php?rest_route=%2Fwp%2Fv2%2Fmedia&parent=4041"}],"curies":[{"name":"wp","href":"https:\/\/api.w.org\/{rel}","templated":true}]}}