{"id":328,"date":"2017-04-26T20:22:44","date_gmt":"2017-04-26T20:22:44","guid":{"rendered":"http:\/\/episcenes.com\/?page_id=328"},"modified":"2025-10-29T12:12:50","modified_gmt":"2025-10-29T12:12:50","slug":"nos-partenaires","status":"publish","type":"page","link":"https:\/\/episcenes.com\/?page_id=328","title":{"rendered":"Partenaires"},"content":{"rendered":"<table style=\"height: 92px;\" width=\"297\">\n<tbody>\n<tr>\n<td style=\"width: 191.883px; text-align: center;\"><a href=\"http:\/\/www.ville-bizanos.fr\/\"><img loading=\"lazy\" decoding=\"async\" class=\"wp-image-191 aligncenter\" src=\"https:\/\/episcenes.com\/wp-content\/uploads\/2016\/10\/Logo-bizanos.jpeg\" alt=\"\" width=\"108\" height=\"98\" \/><\/a><\/td>\n<td style=\"width: 191.9px;\"><a href=\"http:\/\/www.pau.fr\/\"><img loading=\"lazy\" decoding=\"async\" class=\"wp-image-3014  aligncenter\" src=\"https:\/\/episcenes.com\/wp-content\/uploads\/2023\/03\/IMG_1221.jpg\" alt=\"\" width=\"138\" height=\"104\" \/><\/a><\/td>\n<\/tr>\n<tr>\n<td style=\"width: 191.883px;\"><a href=\"https:\/\/www.facebook.com\/printempstheatre.pau\/\"><img loading=\"lazy\" decoding=\"async\" class=\"wp-image-3012  aligncenter\" src=\"https:\/\/episcenes.com\/wp-content\/uploads\/2023\/03\/IMG_0772-595x340.jpeg\" alt=\"\" width=\"187\" height=\"107\" srcset=\"https:\/\/episcenes.com\/wp-content\/uploads\/2023\/03\/IMG_0772-595x340.jpeg 595w, https:\/\/episcenes.com\/wp-content\/uploads\/2023\/03\/IMG_0772-960x549.jpeg 960w, https:\/\/episcenes.com\/wp-content\/uploads\/2023\/03\/IMG_0772-768x439.jpeg 768w, https:\/\/episcenes.com\/wp-content\/uploads\/2023\/03\/IMG_0772.jpeg 1050w\" sizes=\"auto, (max-width: 187px) 100vw, 187px\" \/><\/a><\/td>\n<td style=\"width: 191.9px;\"><a href=\"http:\/\/www.trisomie21-france.org\/les-associations-regionales-et-departementales\/les-associations-trisomie-21-pres-de-chez-vous\/361-64-trisomie-21-pyrenees-atlantique\"><img loading=\"lazy\" decoding=\"async\" class=\"wp-image-242 aligncenter\" src=\"https:\/\/episcenes.com\/wp-content\/uploads\/2016\/10\/logo-trisomie-21.jpg\" alt=\"\" width=\"122\" height=\"69\" srcset=\"https:\/\/episcenes.com\/wp-content\/uploads\/2016\/10\/logo-trisomie-21.jpg 634w, https:\/\/episcenes.com\/wp-content\/uploads\/2016\/10\/logo-trisomie-21-300x171.jpg 300w\" sizes=\"auto, (max-width: 122px) 100vw, 122px\" \/><\/a><\/td>\n<\/tr>\n<tr>\n<td style=\"width: 191.883px;\">\u00a0<a href=\"http:\/\/www.cfa-artisanat64.fr\/\"><img loading=\"lazy\" decoding=\"async\" class=\"wp-image-3013  aligncenter\" src=\"https:\/\/episcenes.com\/wp-content\/uploads\/2023\/03\/IMG_1224.jpg\" alt=\"\" width=\"153\" height=\"96\" \/><\/a><\/td>\n<td style=\"width: 191.9px;\">\u00a0<a href=\"http:\/\/www.le64.fr\/accueil.html\"><img loading=\"lazy\" decoding=\"async\" class=\"wp-image-192 aligncenter\" src=\"https:\/\/episcenes.com\/wp-content\/uploads\/2016\/10\/logo64cmjn.jpg\" alt=\"\" width=\"120\" height=\"105\" \/><\/a><\/td>\n<\/tr>\n<tr>\n<td style=\"width: 191.883px;\"><a href=\"https:\/\/fondation.totalenergies.com\/fr\"><img loading=\"lazy\" decoding=\"async\" class=\"aligncenter wp-image-981 \" src=\"https:\/\/episcenes.com\/wp-content\/uploads\/2017\/04\/total_fondation.png\" alt=\"\" width=\"162\" height=\"44\" \/><\/a><\/td>\n<td style=\"width: 191.9px;\"><a href=\"https:\/\/www.credit-agricole.fr\/ca-pyrenees-gascogne\/particulier.html\"><img loading=\"lazy\" decoding=\"async\" class=\"aligncenter wp-image-982\" src=\"https:\/\/episcenes.com\/wp-content\/uploads\/2017\/04\/credit-agricole.gif\" alt=\"\" width=\"125\" height=\"125\" \/><\/a><\/td>\n<\/tr>\n<tr>\n<td style=\"width: 191.883px;\"><a href=\"https:\/\/www.service-civique.gouv.fr\"><img loading=\"lazy\" decoding=\"async\" class=\"aligncenter wp-image-1402 size-full\" src=\"https:\/\/episcenes.com\/wp-content\/uploads\/2018\/05\/Logo-service-civique.jpg\" alt=\"\" width=\"250\" height=\"148\" \/><\/a><\/td>\n<td><a href=\"https:\/\/agora-asso.com\"><img loading=\"lazy\" decoding=\"async\" class=\"wp-image-3015 aligncenter\" src=\"https:\/\/episcenes.com\/wp-content\/uploads\/2023\/03\/IMG_1222-595x396.jpg\" alt=\"\" width=\"192\" height=\"128\" srcset=\"https:\/\/episcenes.com\/wp-content\/uploads\/2023\/03\/IMG_1222-595x396.jpg 595w, https:\/\/episcenes.com\/wp-content\/uploads\/2023\/03\/IMG_1222.jpg 702w\" sizes=\"auto, (max-width: 192px) 100vw, 192px\" \/><\/a><\/td>\n<\/tr>\n<tr>\n<td style=\"width: 191.883px;\"><a href=\"https:\/\/www.adapei64.fr\/site\/\"><img loading=\"lazy\" decoding=\"async\" class=\"wp-image-3016  aligncenter\" src=\"https:\/\/episcenes.com\/wp-content\/uploads\/2023\/03\/IMG_1226.jpg\" alt=\"\" width=\"238\" height=\"90\" \/><\/a><\/td>\n<td><a href=\"https:\/\/www.theatrefebus.com\"><img loading=\"lazy\" decoding=\"async\" class=\"aligncenter wp-image-3018 size-full\" src=\"https:\/\/episcenes.com\/wp-content\/uploads\/2023\/03\/IMG_1223.jpg\" alt=\"\" width=\"160\" height=\"129\" \/><\/a><\/td>\n<\/tr>\n<tr>\n<td style=\"width: 191.883px; text-align: center;\">Compagnie Chacun Pour Sa Gueule<\/td>\n<td style=\"text-align: center;\"><a href=\"https:\/\/www.collectifphauna.com\/Piecesdetachees.php\">Pi\u00e8ces D\u00e9tach\u00e9es<\/a><\/td>\n<\/tr>\n<tr>\n<td style=\"width: 191.883px; text-align: center;\">Th\u00e9\u00e2tre le feu aux planches<\/td>\n<td style=\"text-align: center;\">Jean-Marc Saint Paul, graphiste<\/td>\n<\/tr>\n<tr>\n<td style=\"width: 191.883px; text-align: center;\"><\/td>\n<td style=\"text-align: center;\"><\/td>\n<\/tr>\n<\/tbody>\n<\/table>\n","protected":false},"excerpt":{"rendered":"<p>\u00a0 \u00a0 Compagnie Chacun Pour Sa Gueule Pi\u00e8ces D\u00e9tach\u00e9es Th\u00e9\u00e2tre le feu aux planches Jean-Marc Saint Paul, graphiste<\/p>\n","protected":false},"author":1,"featured_media":0,"parent":0,"menu_order":0,"comment_status":"closed","ping_status":"closed","template":"","meta":{"_exactmetrics_skip_tracking":false,"_exactmetrics_sitenote_active":false,"_exactmetrics_sitenote_note":"","_exactmetrics_sitenote_category":0,"footnotes":""},"class_list":["post-328","page","type-page","status-publish","hentry"],"aioseo_notices":[],"amp_enabled":true,"_links":{"self":[{"href":"https:\/\/episcenes.com\/index.php?rest_route=\/wp\/v2\/pages\/328","targetHints":{"allow":["GET"]}}],"collection":[{"href":"https:\/\/episcenes.com\/index.php?rest_route=\/wp\/v2\/pages"}],"about":[{"href":"https:\/\/episcenes.com\/index.php?rest_route=\/wp\/v2\/types\/page"}],"author":[{"embeddable":true,"href":"https:\/\/episcenes.com\/index.php?rest_route=\/wp\/v2\/users\/1"}],"replies":[{"embeddable":true,"href":"https:\/\/episcenes.com\/index.php?rest_route=%2Fwp%2Fv2%2Fcomments&post=328"}],"version-history":[{"count":30,"href":"https:\/\/episcenes.com\/index.php?rest_route=\/wp\/v2\/pages\/328\/revisions"}],"predecessor-version":[{"id":3966,"href":"https:\/\/episcenes.com\/index.php?rest_route=\/wp\/v2\/pages\/328\/revisions\/3966"}],"wp:attachment":[{"href":"https:\/\/episcenes.com\/index.php?rest_route=%2Fwp%2Fv2%2Fmedia&parent=328"}],"curies":[{"name":"wp","href":"https:\/\/api.w.org\/{rel}","templated":true}]}}