{"id":258,"date":"2017-03-29T21:37:52","date_gmt":"2017-03-29T21:37:52","guid":{"rendered":"http:\/\/episcenes.com\/?page_id=258"},"modified":"2026-01-13T10:01:32","modified_gmt":"2026-01-13T10:01:32","slug":"accueil","status":"publish","type":"page","link":"https:\/\/episcenes.com\/","title":{"rendered":"Une Maison de Th\u00e9\u00e2tre Pau Bizanos"},"content":{"rendered":"\n<h4 class=\"wp-block-heading\"><span style=\"color: #99bac2;\" data-darkreader-inline-color=\"\"><strong>Une Histoire et des valeurs<br><\/strong><\/span><\/h4>\n\n\n\n<p>La Compagnie EpiSc\u00e8nes est une structure professionnelle \u00e0 rayonnement d\u00e9partemental, agr\u00e9\u00e9e op\u00e9rateur culturel par l&rsquo;Education Nationale et la DRAC, dont le th\u00e9\u00e2tre est conventionn\u00e9 par le d\u00e9partement 64 en tant que lieu d\u00e9di\u00e9 \u00e0 l&rsquo;\u00e9mergence. Seulement 10% de notre budget de fonctionnement provient des aides du Conseil D\u00e9partemental et de la Ville de Bizanos.<\/p>\n\n\n\n<p><em>A l\u2019origine: une des plus anciennes granges agricoles du centre bourg de Bizanos, dernier vestige de l\u2019activit\u00e9 paysanne de la commune.<\/em><\/p>\n\n\n\n<p><em>Un enjeu : interroger la condition m\u00eame de l\u2019artiste-artisan, passeur de culture.<\/em><\/p>\n\n\n\n<p><em>Une d\u00e9marche initiale : b\u00e2tir un rapport \u00e0 la langue, au corps et \u00e0 la po\u00e9sie dans un lieu de m\u00e9moire, la transformation de l\u2019outil du pass\u00e9 en outil d\u2019avenir, le \u00ab recyclage \u00bb culturel d\u2019un lieu de racines et de labeur.<\/em><\/p>\n\n\n\n<p><\/p>\n\n\n\n<blockquote class=\"wp-block-quote is-layout-flow wp-block-quote-is-layout-flow\">\n<p><strong>Tiers-lieu o\u00f9 la porte n\u2019est jamais ferm\u00e9e aux initiatives et aux r\u00eaves. <\/strong><\/p>\n<\/blockquote>\n\n\n\n<p><em><span style=\"color: #ffffff; background-color: #ffffff;\"><strong>Com\u00e9die Culture Pau Art dramatique&nbsp; Salle de spectacle Improvisation, match d&rsquo;improvisation impro caf\u00e9 th\u00e9\u00e2tre<\/strong><\/span><\/em><\/p>\n\n\n\n<p><strong>Passer du paysan au po\u00e8te.<\/strong><\/p>\n\n\n\n<p>La Compagnie EpiSc\u00e8nes, se nommant initialement \u00ab\u00a0le lieu\u00a0\u00bb, n&rsquo;avait pas de lieu de cr\u00e9ation. Fond\u00e9e en 2006 par des passionn\u00e9s de th\u00e9\u00e2tre, ses projets ont vu le jour dans des lieux \u00e9ph\u00e9m\u00e8res : tannerie de Gelos, ancien Lidl rue du 14 juillet, Pavillon des Arts&#8230; Le projet artistique s\u2019inscrivait alors dans des d\u00e9marches participatives impliquant les habitants de tous \u00e2ges.<\/p>\n\n\n\n<p>Sans renoncer \u00e0 sa ligne de d\u00e9sir, EpiSc\u00e8nes a souhait\u00e9 se doter d&rsquo;un espace de cr\u00e9ation gr\u00e2ce \u00e0 l&rsquo;aide de m\u00e9c\u00e9nats et du Fond Social Europ\u00e9en. Port\u00e9 par la Compagnie professionnelle du m\u00eame nom, le th\u00e9\u00e2tre <strong>\u00ab EpiSc\u00e8nes \u00bb,<\/strong> de plus de 400 m2, est situ\u00e9 \u00e0 moins de 2 km du centre ville de Pau.<\/p>\n\n\n\n<p>Il s\u2019agit d\u2019un espace de cr\u00e9ation id\u00e9al, car un espace vide mais intime, mutable, laissant libre circulation aux corps et \u00e0 la voix. La jauge dans le cas d\u2019une diffusion est r\u00e9duite \u00e0 moins de 100 spectateurs permettant une qualit\u00e9 d\u2019accueil et une proximit\u00e9 avec les artistes.<\/p>\n\n\n\n<p>Un lieu pour mettre en app\u00e9tit et montrer des \u00e9tapes de cr\u00e9ation en partageant ces moments avec un public, permettant \u00e0 des \u00e9quipes de cr\u00e9er dans des conditions proches des espaces de diffusion rep\u00e9r\u00e9s, qu\u2019ils soient labellis\u00e9s ou non.<\/p>\n\n\n\n<blockquote class=\"wp-block-quote is-layout-flow wp-block-quote-is-layout-flow\">\n<p><strong>Nous sommes au service de l\u2019\u00e9ducation artistique et du spectacle vivant \u00e0 Pau et son agglom\u00e9ration. <\/strong><\/p>\n<\/blockquote>\n\n\n\n<p><span style=\"color: #ffffff;\"><b>th\u00e9\u00e2tre pau improvisation th\u00e9\u00e2trale<\/b>, <b>theatre<\/b> et <b>improvisation theatrale<\/b> <\/span><\/p>\n\n\n\n<p><strong>Un lieu pour faire lien, du lien pour cr\u00e9er .<\/strong><\/p>\n\n\n\n<p>La Compagnie&nbsp;<strong>\u00ab EpiSc\u00e8nes \u00bb<\/strong>&nbsp;est aussi soucieuse de d\u00e9velopper une ligne artistique au plus pr\u00e8s des pr\u00e9occupations d\u2019\u00e9ducation populaire et croit que la place de l\u2019artiste est avant tout un positionnement politique au service du d\u00e9veloppement culturel de son territoire.<\/p>\n\n\n\n<p>Cette ligne artistique demande de ne pas se couper de la r\u00e9alit\u00e9 sociale et d\u2019en faire un mat\u00e9riau de travail, une recherche citoyenne. Il est apparu essentiel dans ce sens de cr\u00e9er un lieu propice aux rencontres et aux \u00e9changes autant dans un souci de d\u00e9mocratisation culturelle que de cr\u00e9ation artistique. C\u2019est pourquoi c\u2019est espace est dot\u00e9 d\u2019une licence bar cat\u00e9gorie 2 afin d\u2019organiser des \u00e9v\u00e8nements festifs propices aux rencontres. Un caf\u00e9 sous le mode des cabarets du d\u00e9but du si\u00e8cle s\u2019est impos\u00e9 comme espace de recherche, de cr\u00e9ation et de diffusion de la compagnie. Le public potentiel pourra donc \u00eatre accueilli \u00e0 table.<\/p>\n\n\n\n<p>Cette proposition de lieu artistique ne repr\u00e9sente pas pour autant un th\u00e9\u00e2tre de poche en plus sur l\u2019agglom\u00e9ration paloise. C\u2019est un lieu de possibles\u2026<\/p>\n\n\n\n<blockquote class=\"wp-block-quote is-layout-flow wp-block-quote-is-layout-flow\">\n<p><strong>Le lien social est notre priorit\u00e9 artistique au-del\u00e0 des diff\u00e9rences.<\/strong><\/p>\n<\/blockquote>\n\n\n\n<h6 class=\"wp-block-heading\"><span style=\"color: #ffffff; background-color: #ffffff;\"><b>th\u00e9\u00e2tre pau improvisation th\u00e9\u00e2trale theatre improvisation theatrale<\/b><\/span><\/h6>\n\n\n\n<p><strong>Un lieu pour donner \u00e0 voir, \u00e0 partager.<\/strong><\/p>\n\n\n\n<p>Cet espace de vie pour l\u2019artiste de plateau permet aussi la mise en \u0153uvre de training de l\u2019acteur, de stages professionnels, de r\u00e9sidences de cr\u00e9ation\u2026 Il peut aussi \u00eatre lou\u00e9 pour des formations professionnelles dans le domaine artistique ou pr\u00eater pour des \u00e9quipes de cr\u00e9ations en recherche de lieux de r\u00e9sidence, notamment des \u00e9quipes \u00e9mergentes. Ces derni\u00e8res sont susceptibles d\u2019\u00eatre associ\u00e9es \u00e0 la programmation des Soir\u00e9es EpiSc\u00e8nes du vendredi par la suite.<\/p>\n\n\n\n<p>Rencontres et exp\u00e9rimentations sont le ciment de ce lieu, un th\u00e9\u00e2tre de combat comme \u00e0 l\u2019origine des caf\u00e9s-th\u00e9\u00e2tre, une occasion diff\u00e9rente de se mettre en contact avec la culture d\u2019aujourd\u2019hui hors des circuits traditionnels, de lib\u00e9rer une expression trop souvent bloqu\u00e9e par les canaux officiels et les enjeux marchands. Un lieu de vie support de la cr\u00e9ation et de sa promotion.<\/p>\n\n\n\n<h4 class=\"wp-block-heading\">&nbsp;<\/h4>\n\n\n\n<h4 class=\"wp-block-heading\"><span style=\"color: #99bac2;\"><strong>Une \u00e9conomie culturelle participative<\/strong><\/span><\/h4>\n\n\n\n<p>Ce lieu intemporel aime chaque ann\u00e9e \u00e0 se renouveler dans ses propositions tout en conservant ses valeurs dans une pratique culturelle et artistique de qualit\u00e9, partag\u00e9e et accessible.<\/p>\n\n\n\n<div style=\"position: relative; padding-bottom: 56.25%; height: 0; overflow: hidden;\"><iframe loading=\"lazy\" style=\"width: 100%; height: 100%; position: absolute; left: 0px; top: 0px; overflow: hidden;\" src=\"https:\/\/www.dailymotion.com\/embed\/video\/x2cl7ac?autoplay=1\" width=\"100%\" height=\"100%\" frameborder=\"0\" allowfullscreen=\"allowfullscreen\"> <\/iframe><\/div>\n\n\n\n<h4 class=\"wp-block-heading\">&nbsp;<\/h4>\n\n\n\n<h4 class=\"wp-block-heading\"><strong style=\"color: #99bac2; font-size: 1.2em;\">Un lieu unique et convivial&nbsp;<\/strong><\/h4>\n\n\n\n<p>Un th\u00e9\u00e2tre qui vous propose aussi bien des <a href=\"https:\/\/episcenes.com\/nos-formations\/\">cours<\/a> de th\u00e9\u00e2tre que d\u2019improvisation pour tous les publics dans l\u2019agglom\u00e9ration de Pau.<br>Mais \u00e9galement, une riche <a href=\"https:\/\/episcenes.com\/programmation\/\">saison artistique<\/a> avec des <a href=\"https:\/\/episcenes.com\/programmation\/\">vernissages po\u00e9tiques,<\/a> des pi\u00e8ces de&nbsp;th\u00e9\u00e2tre contemporain et classique en passant par les matchs et <a href=\"https:\/\/episcenes.com\/programmation\/\">soir\u00e9es d\u2019improvisation.<\/a><\/p>\n\n\n\n<p><\/p>\n\n\n\n<p style=\"text-align: left;\"><a href=\"https:\/\/episcenes.com\/wp-content\/uploads\/2024\/01\/Copie-de-attractive.png\"><img loading=\"lazy\" decoding=\"async\" class=\"alignleft wp-image-3242 size-full\" src=\"https:\/\/episcenes.com\/wp-content\/uploads\/2024\/01\/Copie-de-attractive.png\" alt=\"\" width=\"1920\" height=\"1080\" srcset=\"https:\/\/episcenes.com\/wp-content\/uploads\/2024\/01\/Copie-de-attractive.png 1920w, https:\/\/episcenes.com\/wp-content\/uploads\/2024\/01\/Copie-de-attractive-595x335.png 595w, https:\/\/episcenes.com\/wp-content\/uploads\/2024\/01\/Copie-de-attractive-960x540.png 960w, https:\/\/episcenes.com\/wp-content\/uploads\/2024\/01\/Copie-de-attractive-768x432.png 768w, https:\/\/episcenes.com\/wp-content\/uploads\/2024\/01\/Copie-de-attractive-1536x864.png 1536w\" sizes=\"auto, (max-width: 1920px) 100vw, 1920px\" \/><\/a><\/p>\n\n\n\n\n\n\n\n\n\n\n\n\n\n\n\n\n\n\n\n\n\n\n\n\n\n\n\n\n\n<h4 class=\"wp-block-heading\"><strong style=\"color: #99bac2; font-size: 1.2em;\">Un bistrot gourmand avant et apr\u00e8s les spectacles<\/strong><\/h4>\n\n\n\n<p>Ouvert tous les soirs de spectacle \u00e0 partir de 19h, vous pourrez y d\u00e9guster des assiettes de fromages et de charcuterie autour d\u2019un verre. Nous privil\u00e9gions les circuits courts et nos compositions sont faites maison. Notre terrasse est accueillantes et ouverte sur la ville. A l&rsquo;int\u00e9rieur, notre bar est une ancienne \u00e9table am\u00e9nag\u00e9e qui a gard\u00e9e tout son charme et son caract\u00e8re. L&rsquo;ambiance y est chaleureuse et d\u00e9contract\u00e9e, propice aux \u00e9changes et aux rencontres.<\/p>\n\n\n\n\n\n<h1>&nbsp;<\/h1>\n\n\n\n<figure class=\"wp-block-image size-large\"><img loading=\"lazy\" decoding=\"async\" width=\"960\" height=\"540\" src=\"https:\/\/episcenes.com\/wp-content\/uploads\/2023\/08\/cropped-A6D6370C-9530-456D-8F3C-A07203E4DFDD-960x540.png\" alt=\"\" class=\"wp-image-3137\" srcset=\"https:\/\/episcenes.com\/wp-content\/uploads\/2023\/08\/cropped-A6D6370C-9530-456D-8F3C-A07203E4DFDD-960x540.png 960w, https:\/\/episcenes.com\/wp-content\/uploads\/2023\/08\/cropped-A6D6370C-9530-456D-8F3C-A07203E4DFDD-595x335.png 595w, https:\/\/episcenes.com\/wp-content\/uploads\/2023\/08\/cropped-A6D6370C-9530-456D-8F3C-A07203E4DFDD-768x432.png 768w, https:\/\/episcenes.com\/wp-content\/uploads\/2023\/08\/cropped-A6D6370C-9530-456D-8F3C-A07203E4DFDD.png 1500w\" sizes=\"auto, (max-width: 960px) 100vw, 960px\" \/><\/figure>\n\n\n\n<h4>&nbsp;<\/h4>\n<h4 class=\"wp-block-heading\"><span style=\"color: #3366ff;\"><strong><span style=\"font-size: 18pt;\">Devenez adh\u00e9rent aux EpiSc\u00e8nes !&nbsp;<\/span><\/strong><\/span><\/h4>\n\n\n\n<p>L&rsquo;adh\u00e9sion aux EpiSc\u00e8nes vous permettra de profiter de nos spectacles \u00e0 tarif plus sympa toute l&rsquo;ann\u00e9e!<\/p>\n\n\n\n<p><strong>Pour devenir adh\u00e9rent 2025- 2026, cliquer : <\/strong><a href=\"https:\/\/www.helloasso.com\/associations\/episcenes-bizanos\/adhesions\/adhesion-aux-episcenes-2025-2026\" title=\"\">ici<\/a><\/p>\n\n\n\n<p>Tarif adh\u00e9sion : 15\u20ac<\/p>\n\n\n\n<div id=\"s3gt_translate_tooltip_mini\" class=\"s3gt_translate_tooltip_mini_box\" style=\"background: initial !important; border: initial !important; border-radius: initial !important; border-spacing: initial !important; border-collapse: initial !important; direction: ltr !important; flex-direction: initial !important; font-weight: initial !important; height: initial !important; letter-spacing: initial !important; min-width: initial !important; max-width: initial !important; min-height: initial !important; max-height: initial !important; margin: auto !important; outline: initial !important; padding: initial !important; position: absolute; table-layout: initial !important; text-align: initial !important; text-shadow: initial !important; width: initial !important; word-break: initial !important; word-spacing: initial !important; overflow-wrap: initial !important; box-sizing: initial !important; display: initial !important; color: inherit !important; font-size: 13px !important; font-family: X-LocaleSpecific, sans-serif, Tahoma, Helvetica !important; line-height: 13px !important; vertical-align: top !important; white-space: inherit !important; left: 538px; top: 679px; opacity: 0.25;\">\n<div id=\"s3gt_translate_tooltip_mini_logo\" class=\"s3gt_translate_tooltip_mini\" title=\"Traduire le texte s\u00e9lectionn\u00e9\">&nbsp;<\/div>\n<div id=\"s3gt_translate_tooltip_mini_sound\" class=\"s3gt_translate_tooltip_mini\" title=\"Lecture\">&nbsp;<\/div>\n<div id=\"s3gt_translate_tooltip_mini_copy\" class=\"s3gt_translate_tooltip_mini\" title=\"Copier le texte dans le presse-papiers\">&nbsp;<\/div>\n<\/div>\n\n\n\n<div id=\"s3gt_translate_tooltip_mini\" class=\"s3gt_translate_tooltip_mini_box\" style=\"background: initial !important; border: initial !important; border-radius: initial !important; border-spacing: initial !important; border-collapse: initial !important; direction: ltr !important; flex-direction: initial !important; font-weight: initial !important; height: initial !important; letter-spacing: initial !important; min-width: initial !important; max-width: initial !important; min-height: initial !important; max-height: initial !important; margin: auto !important; outline: initial !important; padding: initial !important; position: absolute; table-layout: initial !important; text-align: initial !important; text-shadow: initial !important; width: initial !important; word-break: initial !important; word-spacing: initial !important; overflow-wrap: initial !important; box-sizing: initial !important; display: initial !important; color: inherit !important; font-size: 13px !important; font-family: X-LocaleSpecific, sans-serif, Tahoma, Helvetica !important; line-height: 13px !important; vertical-align: top !important; white-space: inherit !important; left: 632px; top: 521px; opacity: 0.25;\">\n<div id=\"s3gt_translate_tooltip_mini_logo\" class=\"s3gt_translate_tooltip_mini\" title=\"Traduire le texte s\u00e9lectionn\u00e9\">&nbsp;<\/div>\n<div id=\"s3gt_translate_tooltip_mini_sound\" class=\"s3gt_translate_tooltip_mini\" title=\"Lecture\">&nbsp;<\/div>\n<div id=\"s3gt_translate_tooltip_mini_copy\" class=\"s3gt_translate_tooltip_mini\" title=\"Copier le texte dans le presse-papiers\">&nbsp;<\/div>\n<\/div>\n\n\n\n<div id=\"s3gt_translate_tooltip_mini\" class=\"s3gt_translate_tooltip_mini_box\" style=\"background: initial !important; border: initial !important; border-radius: initial !important; border-spacing: initial !important; border-collapse: initial !important; direction: ltr !important; flex-direction: initial !important; font-weight: initial !important; height: initial !important; letter-spacing: initial !important; min-width: initial !important; max-width: initial !important; min-height: initial !important; max-height: initial !important; margin: auto !important; outline: initial !important; padding: initial !important; position: absolute; table-layout: initial !important; text-align: initial !important; text-shadow: initial !important; width: initial !important; word-break: initial !important; word-spacing: initial !important; overflow-wrap: initial !important; box-sizing: initial !important; display: initial !important; color: inherit !important; font-size: 13px !important; font-family: X-LocaleSpecific, sans-serif, Tahoma, Helvetica !important; line-height: 13px !important; vertical-align: top !important; white-space: inherit !important; left: 673px; top: 53px; opacity: 0.85;\">\n<div id=\"s3gt_translate_tooltip_mini_logo\" class=\"s3gt_translate_tooltip_mini\" title=\"Traduire le texte s\u00e9lectionn\u00e9\">&nbsp;<\/div>\n<div id=\"s3gt_translate_tooltip_mini_sound\" class=\"s3gt_translate_tooltip_mini\" title=\"Lecture\">&nbsp;<\/div>\n<div id=\"s3gt_translate_tooltip_mini_copy\" class=\"s3gt_translate_tooltip_mini\" title=\"Copier le texte dans le presse-papiers\">&nbsp;<\/div>\n<\/div>\n\n\n\n<div id=\"s3gt_translate_tooltip_mini\" class=\"s3gt_translate_tooltip_mini_box\" style=\"background: initial !important; border: initial !important; border-radius: initial !important; border-spacing: initial !important; border-collapse: initial !important; direction: ltr !important; flex-direction: initial !important; font-weight: initial !important; height: initial !important; letter-spacing: initial !important; min-width: initial !important; max-width: initial !important; min-height: initial !important; max-height: initial !important; margin: auto !important; outline: initial !important; padding: initial !important; position: absolute; table-layout: initial !important; text-align: initial !important; text-shadow: initial !important; width: initial !important; word-break: initial !important; word-spacing: initial !important; overflow-wrap: initial !important; box-sizing: initial !important; display: initial !important; color: inherit !important; font-size: 13px !important; font-family: X-LocaleSpecific, sans-serif, Tahoma, Helvetica !important; line-height: 13px !important; vertical-align: top !important; white-space: inherit !important; left: 657px; top: 111px; opacity: 0.35;\" data-darkreader-inline-bgcolor=\"\" data-darkreader-inline-bgimage=\"\" data-darkreader-inline-border-top=\"\" data-darkreader-inline-border-right=\"\" data-darkreader-inline-border-bottom=\"\" data-darkreader-inline-border-left=\"\" data-darkreader-inline-outline=\"\" data-darkreader-inline-color=\"\">\n<div id=\"s3gt_translate_tooltip_mini_logo\" class=\"s3gt_translate_tooltip_mini\" title=\"Traduire le texte s\u00e9lectionn\u00e9\">&nbsp;<\/div>\n<div id=\"s3gt_translate_tooltip_mini_sound\" class=\"s3gt_translate_tooltip_mini\" title=\"Lecture\">&nbsp;<\/div>\n<div id=\"s3gt_translate_tooltip_mini_copy\" class=\"s3gt_translate_tooltip_mini\" title=\"Copier le texte dans le presse-papiers\">&nbsp;<\/div>\n<\/div>\n\n\n\n\n\n\n\n<p><\/p>\n\n\n","protected":false},"excerpt":{"rendered":"<p>Une Histoire et des valeurs La Compagnie EpiSc\u00e8nes est une structure professionnelle \u00e0 rayonnement d\u00e9partemental, agr\u00e9\u00e9e op\u00e9rateur culturel par l&rsquo;Education Nationale et la DRAC, dont le th\u00e9\u00e2tre est conventionn\u00e9 par le d\u00e9partement 64 en tant que lieu d\u00e9di\u00e9 \u00e0 l&rsquo;\u00e9mergence.<\/p>\n","protected":false},"author":1,"featured_media":0,"parent":0,"menu_order":0,"comment_status":"closed","ping_status":"closed","template":"","meta":{"_exactmetrics_skip_tracking":false,"_exactmetrics_sitenote_active":false,"_exactmetrics_sitenote_note":"","_exactmetrics_sitenote_category":0,"footnotes":""},"class_list":["post-258","page","type-page","status-publish","hentry"],"aioseo_notices":[],"amp_enabled":false,"_links":{"self":[{"href":"https:\/\/episcenes.com\/index.php?rest_route=\/wp\/v2\/pages\/258","targetHints":{"allow":["GET"]}}],"collection":[{"href":"https:\/\/episcenes.com\/index.php?rest_route=\/wp\/v2\/pages"}],"about":[{"href":"https:\/\/episcenes.com\/index.php?rest_route=\/wp\/v2\/types\/page"}],"author":[{"embeddable":true,"href":"https:\/\/episcenes.com\/index.php?rest_route=\/wp\/v2\/users\/1"}],"replies":[{"embeddable":true,"href":"https:\/\/episcenes.com\/index.php?rest_route=%2Fwp%2Fv2%2Fcomments&post=258"}],"version-history":[{"count":235,"href":"https:\/\/episcenes.com\/index.php?rest_route=\/wp\/v2\/pages\/258\/revisions"}],"predecessor-version":[{"id":4159,"href":"https:\/\/episcenes.com\/index.php?rest_route=\/wp\/v2\/pages\/258\/revisions\/4159"}],"wp:attachment":[{"href":"https:\/\/episcenes.com\/index.php?rest_route=%2Fwp%2Fv2%2Fmedia&parent=258"}],"curies":[{"name":"wp","href":"https:\/\/api.w.org\/{rel}","templated":true}]}}