{"id":2,"date":"2016-10-12T12:23:47","date_gmt":"2016-10-12T12:23:47","guid":{"rendered":"http:\/\/xn--episcnes-50a.apps-1and1.net\/?page_id=2"},"modified":"2026-01-07T09:31:39","modified_gmt":"2026-01-07T09:31:39","slug":"nos-formations","status":"publish","type":"page","link":"https:\/\/episcenes.com\/?page_id=2","title":{"rendered":"Ateliers et Cours"},"content":{"rendered":"\n<p>Vous voulez participez \u00e0 l&rsquo;un de nos cours ?<\/p>\n<p>Pour cela il vous suffit de <strong>devenir adh\u00e9rent de notre association <\/strong>(15\u20ac)<strong> en cliquant : <a href=\"https:\/\/www.helloasso.com\/associations\/episcenes-bizanos\/adhesions\/adhesion-aux-episcenes-2025-2026\">ici<\/a><\/strong><strong>. <\/strong><\/p>\n<p>Puis, vous pouvez vous <strong>inscrire \u00e0 l&rsquo;atelier<\/strong> de votre choix <strong>en cliquant<\/strong> : <strong><a href=\"https:\/\/www.helloasso.com\/associations\/episcenes-bizanos\/adhesions\/inscriptions-ateliers-2025-2026\">ici<\/a>.&nbsp;<\/strong><\/p>\n<table style=\"width: 100%; border-collapse: collapse; border-style: hidden; height: 20px;\">\n<tbody>\n<tr style=\"height: 20px;\">\n<td style=\"width: 100%; height: 20px;\">&nbsp;<\/td>\n<\/tr>\n<\/tbody>\n<\/table>\n\n\n<h2><strong><span style=\"color: #808080;\" data-darkreader-inline-color=\"\"><img loading=\"lazy\" decoding=\"async\" class=\"alignright size-thumbnail wp-image-1961\" src=\"https:\/\/episcenes.com\/wp-content\/uploads\/2020\/06\/terresbrulees-480x640.jpg\" alt=\"\" width=\"480\" height=\"640\" \/><\/span><\/strong><strong><span style=\"color: #808080;\" data-darkreader-inline-color=\"\">Cours de th\u00e9\u00e2tre<\/span><\/strong><\/h2>\n<p>Depuis 2006 nous d\u00e9veloppons des cours et ateliers de th\u00e9\u00e2tre dans l&rsquo;agglom\u00e9ration paloise, souvent en parall\u00e8le de projets de cr\u00e9ation de spectacles. Notre \u00e9quipe de professionnels du spectacle s&rsquo;int\u00e9ressent \u00e0 tous les publics dans un esprit convivial et exigeant. Pour nous, le th\u00e9\u00e2tre questionne avant tout \u00ab\u00a0la n\u00e9cessit\u00e9 de l&rsquo;autre\u00a0\u00bb, plus qu&rsquo;un loisir cela fait \u00e9cho \u00e0 notre projet associatif. Une certaine philosophie de vie qui ne distingue pas l&rsquo;amour du jeu entre amateurs et professionnels. Un th\u00e9\u00e2tre accessible \u00e0 toutes et tous sans pr\u00e9 requis si ce n&rsquo;est l&rsquo;envie de partage.<\/p>\n<p><strong>Atelier \u00e9veil :<\/strong> Mercredi de 9h \u00e0 10h.<\/p>\n<p><strong>Atelier enfants :<\/strong> Mercredi de 14h30 \u00e0 16h ou de 16h30 \u00e0 18h.<\/p>\n<p><strong>Stages enfants et jeunes :<\/strong> Durant les vacances scolaires (ao\u00fbt, f\u00e9vrier et avril)<\/p>\n<p><strong>Atelier ados :<\/strong> Jeudi 18h30 \u00e0 20h (possibilit\u00e9 de commencer \u00e0 17h30 ou 18h en fonction des emplois du temps)<\/p>\n<p><strong>Atelier adultes :<\/strong> Jeudi de 20h30 \u00e0 22h30<\/p>\n<p>\u00a0 \u00a0 \u00a0 \u00a0 \u00a0 \u00a0 \u00a0 \u00a0 \u00a0 \u00a0 \u00a0 \u00a0 \u00a0 \u00a0 \u00a0 \u00a0 Et mercredi de 20h30 \u00e0 22h30<\/p>\n<p><strong>Stages techniques de l&rsquo;acteur :<\/strong> Des week-end th\u00e9matiques en immersion ciblant le l\u00e2cher prise, la voix, le corps, le masque&#8230; Contactez-nous pour plus de renseignements !<\/p>\n<p><strong>Ateliers aupr\u00e8s de nos partenaires :<\/strong> Accompagnement \u00e0 la scolarit\u00e9 par le th\u00e9\u00e2tre au Centre Social du Hameau, Acad\u00e9mie d&rsquo;\u00e9loquence de la Ville de Pau, Association Trisomie 21, Ville de L\u00e9e&#8230;\u00a0<\/p>\n<p>Tarifs \/ Renseignements : <a href=\"https:\/\/episcenes.com\/?page_id=1160\" target=\"_blank\" rel=\"noopener noreferrer\">Nous contacter<\/a><\/p>\n<p>Lien d\u2019inscription :\u00a0<a href=\"https:\/\/www.helloasso.com\/associations\/episcenes-bizanos\/adhesions\/inscriptions-ateliers-2025-2026\"><strong>ici<\/strong><\/a><br \/>(Nous contacter avant de s\u2019inscrire pour savoir si il reste de la place)<\/p>\n<p>Adh\u00e9sion: <strong><a href=\"https:\/\/www.helloasso.com\/associations\/episcenes-bizanos\/adhesions\/adhesion-aux-episcenes-2025-2026\">ici<\/a><\/strong><\/p>\n<table style=\"width: 100%; border-collapse: collapse; border-style: hidden;\">\n<tbody>\n<tr>\n<td style=\"width: 100%;\">\u00a0<\/td>\n<\/tr>\n<\/tbody>\n<\/table>\n<h2><span style=\"color: #808080;\" data-darkreader-inline-color=\"\"><strong><img loading=\"lazy\" decoding=\"async\" class=\"alignright size-thumbnail wp-image-1592\" src=\"https:\/\/episcenes.com\/wp-content\/uploads\/2019\/01\/Impro-480x480.jpg\" alt=\"\" width=\"480\" height=\"480\" srcset=\"https:\/\/episcenes.com\/wp-content\/uploads\/2019\/01\/Impro-480x480.jpg 480w, https:\/\/episcenes.com\/wp-content\/uploads\/2019\/01\/Impro-230x230.jpg 230w, https:\/\/episcenes.com\/wp-content\/uploads\/2019\/01\/Impro-365x365.jpg 365w\" sizes=\"auto, (max-width: 480px) 100vw, 480px\" \/><\/strong><\/span><span style=\"color: #808080;\" data-darkreader-inline-color=\"\"><strong>Cours d&rsquo;improvisation th\u00e9\u00e2trale<\/strong><\/span><\/h2>\n<p>Fort de notre exp\u00e9rience dans le cadre de nos cr\u00e9ations th\u00e9\u00e2trales mais \u00e9galement de rencontres et formations professionnelles, nous organisons des ateliers d&rsquo;improvisation th\u00e9\u00e2trale aupr\u00e8s de diff\u00e9rents publics.\u00a0<\/p>\n<p>L&rsquo;improvisation th\u00e9\u00e2trale permet de travailler la confiance en soi, l&rsquo;\u00e9coute active, l&rsquo;acceptation et la co-construction d&rsquo;histoires. C&rsquo;est une pratique ludique qui permet de se d\u00e9passer dans un cadre bienveillant. Du cabaret \u00e0 la pi\u00e8ce improvis\u00e9e en passant par l&rsquo;incontournable match d&rsquo;impro, nos ateliers encadr\u00e9s par des professionnels sauront r\u00e9pondre \u00e0 vos attentes.<\/p>\n<p><strong>Stages enfants et jeunes :<\/strong> Durant les vacances scolaires (ao\u00fbt, f\u00e9vrier et avril) <a href=\"https:\/\/www.helloasso.com\/associations\/episcenes-bizanos\/evenements\/du-17-au-20-fevrier-stages-theatre-enfants-et-ados\"><strong>ici<\/strong><\/a><\/p>\n<p><strong>Ateliers adultes :<\/strong> Lundi et mardi de 20h30 \u00e0 22h30 (\u00e9galement sous forme de stage week-end d\u00e9couverte\/approfondissement)<\/p>\n<p><strong>Ateliers aupr\u00e8s de partenaires :<\/strong> Union Nationale des Aveugles et D\u00e9ficients Visuels (UNADEV), Association D\u00e9partementale des Parents et Amis des Personnes Handicap\u00e9es Mentales (ADAPEI 64), Internat lyc\u00e9ens Nitot, Centre de Formation des Apprentis, Instituts Th\u00e9rapeutiques Educatifs et P\u00e9dagogiques&#8230;<\/p>\n<p>Tarifs \/ Renseignements: <a href=\"https:\/\/episcenes.com\/?page_id=1160\" target=\"_blank\" rel=\"noopener noreferrer\">Nous contacter<\/a><\/p>\n<table style=\"width: 100%; border-collapse: collapse; border-style: hidden; height: 133px;\">\n<tbody>\n<tr style=\"height: 133px;\">\n<td style=\"width: 100%; height: 133px;\">\n<p>Lien d\u2019inscription: <a href=\"https:\/\/www.helloasso.com\/associations\/episcenes-bizanos\/adhesions\/inscriptions-ateliers-2025-2026\"><strong>ici<\/strong><\/a><br \/>(Nous contacter avant de s\u2019inscrire pour savoir si il reste de la place)<\/p>\n<p>Adh\u00e9sion: <strong><a href=\"https:\/\/www.helloasso.com\/associations\/episcenes-bizanos\/adhesions\/adhesion-aux-episcenes-2025-2026\">ici<\/a><\/strong><\/p>\n<\/td>\n<\/tr>\n<\/tbody>\n<\/table>\n<p style=\"text-align: center;\">\u00a0<\/p>\n\n\n\n\n\n","protected":false},"excerpt":{"rendered":"<p>Vous voulez participez \u00e0 l&rsquo;un de nos cours ? Pour cela il vous suffit de devenir adh\u00e9rent de notre association (15\u20ac) en cliquant : ici. Puis, vous pouvez vous inscrire \u00e0 l&rsquo;atelier de votre choix en cliquant : ici.&nbsp; &nbsp;<\/p>\n","protected":false},"author":1,"featured_media":0,"parent":0,"menu_order":0,"comment_status":"closed","ping_status":"open","template":"","meta":{"_exactmetrics_skip_tracking":false,"_exactmetrics_sitenote_active":false,"_exactmetrics_sitenote_note":"","_exactmetrics_sitenote_category":0,"footnotes":""},"class_list":["post-2","page","type-page","status-publish","hentry"],"aioseo_notices":[],"amp_enabled":true,"_links":{"self":[{"href":"https:\/\/episcenes.com\/index.php?rest_route=\/wp\/v2\/pages\/2","targetHints":{"allow":["GET"]}}],"collection":[{"href":"https:\/\/episcenes.com\/index.php?rest_route=\/wp\/v2\/pages"}],"about":[{"href":"https:\/\/episcenes.com\/index.php?rest_route=\/wp\/v2\/types\/page"}],"author":[{"embeddable":true,"href":"https:\/\/episcenes.com\/index.php?rest_route=\/wp\/v2\/users\/1"}],"replies":[{"embeddable":true,"href":"https:\/\/episcenes.com\/index.php?rest_route=%2Fwp%2Fv2%2Fcomments&post=2"}],"version-history":[{"count":98,"href":"https:\/\/episcenes.com\/index.php?rest_route=\/wp\/v2\/pages\/2\/revisions"}],"predecessor-version":[{"id":4142,"href":"https:\/\/episcenes.com\/index.php?rest_route=\/wp\/v2\/pages\/2\/revisions\/4142"}],"wp:attachment":[{"href":"https:\/\/episcenes.com\/index.php?rest_route=%2Fwp%2Fv2%2Fmedia&parent=2"}],"curies":[{"name":"wp","href":"https:\/\/api.w.org\/{rel}","templated":true}]}}