{"id":1550,"date":"2019-01-31T09:07:33","date_gmt":"2019-01-31T09:07:33","guid":{"rendered":"https:\/\/episcenes.com\/?page_id=1550"},"modified":"2021-12-31T12:11:27","modified_gmt":"2021-12-31T12:11:27","slug":"lyne-lebreton","status":"publish","type":"page","link":"https:\/\/episcenes.com\/?page_id=1550","title":{"rendered":"Lyne LEBRETON"},"content":{"rendered":"\n<p style=\"text-align:center\"><strong>Lyne Lebreton : Attach\u00e9e d&rsquo;administration et d&rsquo;accompagnement des pratiques artistiques et culturelles,\u00a0com\u00e9dienne<\/strong><\/p>\n\n\n\n<div class=\"wp-block-image\"><figure class=\"alignright is-resized\"><img loading=\"lazy\" decoding=\"async\" src=\"https:\/\/episcenes.com\/wp-content\/uploads\/2019\/01\/LYNE.jpg\" alt=\"\" class=\"wp-image-1541\" width=\"258\" height=\"258\" srcset=\"https:\/\/episcenes.com\/wp-content\/uploads\/2019\/01\/LYNE.jpg 719w, https:\/\/episcenes.com\/wp-content\/uploads\/2019\/01\/LYNE-595x595.jpg 595w, https:\/\/episcenes.com\/wp-content\/uploads\/2019\/01\/LYNE-230x230.jpg 230w, https:\/\/episcenes.com\/wp-content\/uploads\/2019\/01\/LYNE-365x365.jpg 365w\" sizes=\"auto, (max-width: 258px) 100vw, 258px\" \/><\/figure><\/div>\n\n\n\n<p>Suite \u00e0 des \u00e9tudes de droit et d&rsquo;\u00e9ducation sp\u00e9cialis\u00e9e, Lyne Lebreton s&rsquo;est progressivement impliqu\u00e9e dans des compagnies de th\u00e9\u00e2tre locales.<\/p>\n\n\n\n<p>D&rsquo;abord en tant que com\u00e9dienne, elle a \u00e9galement investi le fonctionnement associatif et s&rsquo;est positionn\u00e9e aupr\u00e8s des EpiSc\u00e8nes, afin de pr\u00e9parer l&rsquo;ouverture de ce th\u00e9\u00e2tre, en avril 2014.<\/p>\n\n\n\n<p>Aujourd&rsquo;hui, charg\u00e9e d&rsquo;administration de la compagnie EpiSc\u00e8nes et forte de son exp\u00e9rience dans le domaine social elle s&rsquo;investie \u00e9galement dans des ateliers th\u00e9\u00e2tre \u00e0 destination de publics diversifi\u00e9s : adultes, enfants, personnes malvoyantes, jeunes porteurs de trisomie 21, adultes handicap\u00e9s&#8230;<\/p>\n\n\n\n<p>Au cours des ann\u00e9es, elle a beaucoup travaill\u00e9 comme com\u00e9dienne dans des cr\u00e9ations interg\u00e9n\u00e9rationnelles, \u00ab\u00a0Histoire(s) de&#8230;\u00a0\u00bb, propos\u00e9es au th\u00e9\u00e2tre Saint-Louis de Pau, par l&rsquo;auteur et metteur en sc\u00e8ne L\u00e9andre Arribes.<\/p>\n\n\n\n<p>Elle a \u00e9galement jou\u00e9 un seule-en-sc\u00e8ne particuli\u00e8rement reconnu pour sa qualit\u00e9 \u00ab\u00a0Le dernier survivant de 14\u00a0\u00bb, adapt\u00e9 du roman \u00e9ponyme de Henri-Fr\u00e9d\u00e9ric Blanc et mis en sc\u00e8ne par L\u00e9andre Arribes.<\/p>\n\n\n\n<p>En tant que com\u00e9dienne, elle a travaill\u00e9 aussi avec d&rsquo;autres compagnies comme \u00ab\u00a0Vice Versa\u00a0\u00bb et \u00ab\u00a0H\u00e9 ! Psst !\u00a0\u00bb et plus sp\u00e9cifiquement depuis janvier 2017 sur le spectacle \u00ab\u00a0Tant qu&rsquo;il y aura des coquelicots\u00a0\u00bb, toujours diffus\u00e9.<\/p>\n\n\n\n<p>Le spectacle a \u00e9t\u00e9 r\u00e9compens\u00e9 par 3 \u00ab\u00a0P&rsquo;tits Moli\u00e8res\u00a0\u00bb : meilleur auteur vivant, meilleur spectacle tout public et coup de c\u0153ur du jury en 2018 et 2019.<\/p>\n\n\n\n<p>La cr\u00e9ation \u00ab\u00a0Madame Van Gogh\u00a0\u00bb a \u00e9t\u00e9 accueillie en r\u00e9sidence de cr\u00e9ation en avril 2019 aux EpiSc\u00e8nes.<\/p>\n\n\n\n<div class=\"wp-block-image\"><figure class=\"alignleft is-resized\"><img loading=\"lazy\" decoding=\"async\" src=\"https:\/\/episcenes.com\/wp-content\/uploads\/2019\/01\/EpiSc\u00e8nes-LDS-20182-1-960x961.jpg\" alt=\"\" class=\"wp-image-1554\" width=\"251\" height=\"251\" srcset=\"https:\/\/episcenes.com\/wp-content\/uploads\/2019\/01\/EpiSc\u00e8nes-LDS-20182-1-960x961.jpg 960w, https:\/\/episcenes.com\/wp-content\/uploads\/2019\/01\/EpiSc\u00e8nes-LDS-20182-1-595x596.jpg 595w, https:\/\/episcenes.com\/wp-content\/uploads\/2019\/01\/EpiSc\u00e8nes-LDS-20182-1-768x769.jpg 768w, https:\/\/episcenes.com\/wp-content\/uploads\/2019\/01\/EpiSc\u00e8nes-LDS-20182-1-230x230.jpg 230w, https:\/\/episcenes.com\/wp-content\/uploads\/2019\/01\/EpiSc\u00e8nes-LDS-20182-1-365x365.jpg 365w, https:\/\/episcenes.com\/wp-content\/uploads\/2019\/01\/EpiSc\u00e8nes-LDS-20182-1.jpg 1824w\" sizes=\"auto, (max-width: 251px) 100vw, 251px\" \/><\/figure><\/div>\n","protected":false},"excerpt":{"rendered":"<p>Lyne Lebreton : Attach\u00e9e d&rsquo;administration et d&rsquo;accompagnement des pratiques artistiques et culturelles,\u00a0com\u00e9dienne Suite \u00e0 des \u00e9tudes de droit et d&rsquo;\u00e9ducation sp\u00e9cialis\u00e9e, Lyne Lebreton s&rsquo;est progressivement impliqu\u00e9e dans des compagnies de th\u00e9\u00e2tre locales. D&rsquo;abord en tant que com\u00e9dienne, elle a \u00e9galement<\/p>\n","protected":false},"author":1,"featured_media":0,"parent":0,"menu_order":0,"comment_status":"closed","ping_status":"closed","template":"","meta":{"_exactmetrics_skip_tracking":false,"_exactmetrics_sitenote_active":false,"_exactmetrics_sitenote_note":"","_exactmetrics_sitenote_category":0,"footnotes":""},"class_list":["post-1550","page","type-page","status-publish","hentry"],"aioseo_notices":[],"amp_enabled":true,"_links":{"self":[{"href":"https:\/\/episcenes.com\/index.php?rest_route=\/wp\/v2\/pages\/1550","targetHints":{"allow":["GET"]}}],"collection":[{"href":"https:\/\/episcenes.com\/index.php?rest_route=\/wp\/v2\/pages"}],"about":[{"href":"https:\/\/episcenes.com\/index.php?rest_route=\/wp\/v2\/types\/page"}],"author":[{"embeddable":true,"href":"https:\/\/episcenes.com\/index.php?rest_route=\/wp\/v2\/users\/1"}],"replies":[{"embeddable":true,"href":"https:\/\/episcenes.com\/index.php?rest_route=%2Fwp%2Fv2%2Fcomments&post=1550"}],"version-history":[{"count":10,"href":"https:\/\/episcenes.com\/index.php?rest_route=\/wp\/v2\/pages\/1550\/revisions"}],"predecessor-version":[{"id":2447,"href":"https:\/\/episcenes.com\/index.php?rest_route=\/wp\/v2\/pages\/1550\/revisions\/2447"}],"wp:attachment":[{"href":"https:\/\/episcenes.com\/index.php?rest_route=%2Fwp%2Fv2%2Fmedia&parent=1550"}],"curies":[{"name":"wp","href":"https:\/\/api.w.org\/{rel}","templated":true}]}}